{"id":43,"date":"2021-01-30T16:39:00","date_gmt":"2021-01-30T15:39:00","guid":{"rendered":"http:\/\/www.latricherie.fr\/?page_id=43"},"modified":"2021-01-31T22:08:16","modified_gmt":"2021-01-31T21:08:16","slug":"43-2","status":"publish","type":"page","link":"http:\/\/www.latricherie.fr\/index.php\/43-2\/","title":{"rendered":"Prestation"},"content":{"rendered":"\n<div class=\"wp-block-columns\">\n<div class=\"wp-block-column\">\n<p style=\"font-size:30px\"><span style=\"color:#faac58\" class=\"has-inline-color\">Le g\u00eete<\/span><\/p>\n<\/div>\n\n\n\n<div class=\"wp-block-column\">\n<ul><li>Cuisine am\u00e9nag\u00e9e<\/li><li>S\u00e9jour<\/li><li>Salon TV<\/li><li>4 Chambres (dont une avec salle de bain)<\/li><li>1 salle de bain s\u00e9par\u00e9e<\/li><li>3 WC<\/li><\/ul>\n\n\n\n<div class=\"wp-block-buttons\"><\/div>\n\n\n\n<div class=\"wp-block-columns\">\n<div class=\"wp-block-column\"><\/div>\n\n\n\n<div class=\"wp-block-column\"><\/div>\n<\/div>\n<\/div>\n<\/div>\n\n\n\n<hr class=\"wp-block-separator\"\/>\n\n\n\n<div class=\"wp-block-columns\">\n<div class=\"wp-block-column\">\n<p style=\"font-size:30px\"><span style=\"color:#faac58\" class=\"has-inline-color\">Equipements<\/span><\/p>\n<\/div>\n\n\n\n<div class=\"wp-block-column\">\n<ul><li><span style=\"font-size: 1rem;\">Vaisselle<\/span><\/li><li>Lave-vaisselle<\/li><li>Linge de maison<\/li><li>Lave-linge<\/li><li><span style=\"font-size: 1rem;\">Home-cin\u00e9ma<\/span><\/li><li>Acc\u00e8s wifi<\/li><li>Chemin\u00e9es<\/li><\/ul>\n<\/div>\n\n\n\n<div class=\"wp-block-column\">\n<ul><li>Espaces ext\u00e9rieurs<\/li><li>Barbecue<\/li><li>Terrain de p\u00e9tanque<\/li><li>Table de ping-pong<\/li><li>Babyfoot<\/li><li>Piscine<\/li><li>Jeux de soci\u00e9t\u00e9<\/li><\/ul>\n<\/div>\n<\/div>\n\n\n\n<div class=\"wp-block-buttons\">\n<div class=\"wp-block-button\"><a class=\"wp-block-button__link has-text-color has-background\" href=\"http:\/\/www.latricherie.fr\/index.php\/les-tarifs\/\" style=\"background:linear-gradient(135deg,rgba(252,185,0,1) 56%,rgba(255,105,0,1) 100%);color:#faac58\"><span style=\"color:#403d39\" class=\"has-inline-color\">Tarif<\/span><\/a><\/div>\n\n\n\n<div class=\"wp-block-button\"><a class=\"wp-block-button__link has-background\" href=\"http:\/\/www.latricherie.fr\/index.php\/la-tricherie-gallerie\/\" style=\"background:linear-gradient(135deg,rgba(252,185,0,1) 44%,rgba(255,105,0,1) 100%)\"><span style=\"color:#403d39\" class=\"has-inline-color\">Galerie Photos<\/span><\/a><\/div>\n<\/div>\n\n\n\n<figure class=\"wp-block-pullquote is-style-default\" style=\"border-color:#ffffff\"><blockquote class=\"has-text-color has-vivid-red-color\"><p><span style=\"color:#faac58\" class=\"has-inline-color\">Un anniversaire, un mariage, un \u00e9v\u00e9nement \u00e0 c\u00e9l\u00e9brer&#8230; pour un cadeau original, pensez \u00e0 offrir un s\u00e9jour chez nous !<\/span><\/p><\/blockquote><\/figure>\n\n\n\n<div class=\"wp-block-columns\">\n<div class=\"wp-block-column\"><\/div>\n\n\n\n<div class=\"wp-block-column\"><\/div>\n<\/div>\n\n\n\n<p><\/p>\n","protected":false},"excerpt":{"rendered":"<p>Le g\u00eete Cuisine am\u00e9nag\u00e9e S\u00e9jour Salon TV 4 Chambres (dont une avec salle de bain) 1 salle de bain s\u00e9par\u00e9e 3 WC Equipements Vaisselle Lave-vaisselle Linge de maison Lave-linge Home-cin\u00e9ma Acc\u00e8s wifi Chemin\u00e9es Espaces ext\u00e9rieurs Barbecue Terrain de p\u00e9tanque Table de ping-pong Babyfoot Piscine Jeux de soci\u00e9t\u00e9 Un anniversaire, un mariage, un \u00e9v\u00e9nement \u00e0 c\u00e9l\u00e9brer&#8230; &hellip; <\/p>\n<p class=\"link-more\"><a href=\"http:\/\/www.latricherie.fr\/index.php\/43-2\/\" class=\"more-link\">Continuer la lecture<span class=\"screen-reader-text\"> de &laquo;&nbsp;Prestation&nbsp;&raquo;<\/span><\/a><\/p>\n","protected":false},"author":1,"featured_media":158,"parent":0,"menu_order":0,"comment_status":"closed","ping_status":"closed","template":"","meta":[],"_links":{"self":[{"href":"http:\/\/www.latricherie.fr\/index.php\/wp-json\/wp\/v2\/pages\/43"}],"collection":[{"href":"http:\/\/www.latricherie.fr\/index.php\/wp-json\/wp\/v2\/pages"}],"about":[{"href":"http:\/\/www.latricherie.fr\/index.php\/wp-json\/wp\/v2\/types\/page"}],"author":[{"embeddable":true,"href":"http:\/\/www.latricherie.fr\/index.php\/wp-json\/wp\/v2\/users\/1"}],"replies":[{"embeddable":true,"href":"http:\/\/www.latricherie.fr\/index.php\/wp-json\/wp\/v2\/comments?post=43"}],"version-history":[{"count":9,"href":"http:\/\/www.latricherie.fr\/index.php\/wp-json\/wp\/v2\/pages\/43\/revisions"}],"predecessor-version":[{"id":178,"href":"http:\/\/www.latricherie.fr\/index.php\/wp-json\/wp\/v2\/pages\/43\/revisions\/178"}],"wp:featuredmedia":[{"embeddable":true,"href":"http:\/\/www.latricherie.fr\/index.php\/wp-json\/wp\/v2\/media\/158"}],"wp:attachment":[{"href":"http:\/\/www.latricherie.fr\/index.php\/wp-json\/wp\/v2\/media?parent=43"}],"curies":[{"name":"wp","href":"https:\/\/api.w.org\/{rel}","templated":true}]}}