{"id":162,"date":"2021-01-31T21:53:25","date_gmt":"2021-01-31T20:53:25","guid":{"rendered":"http:\/\/www.latricherie.fr\/?page_id=162"},"modified":"2024-02-08T21:32:50","modified_gmt":"2024-02-08T20:32:50","slug":"les-tarifs","status":"publish","type":"page","link":"https:\/\/www.latricherie.fr\/index.php\/les-tarifs\/","title":{"rendered":"Les tarifs"},"content":{"rendered":"\n<p style=\"font-size:30px\"><span style=\"color:#faac58\" class=\"has-inline-color\">Accueil en formule \u00ab\u00a0chambres d&rsquo;h\u00f4tes\u00a0\u00bb<\/span><\/p>\n\n\n\n<div class=\"wp-block-group\"><div class=\"wp-block-group__inner-container\">\n<p><\/p>\n\n\n\n<figure class=\"wp-block-table\"><table><tbody><tr><td class=\"has-text-align-center\" data-align=\"center\">Chambre<\/td><td class=\"has-text-align-center\" data-align=\"center\">Nuit\u00e9e<\/td><\/tr><tr><td class=\"has-text-align-center\" data-align=\"center\">Suite des maronniers  <br>Suite des bambous<\/td><td class=\"has-text-align-center\" data-align=\"center\">110 \u20ac<\/td><\/tr><tr><td class=\"has-text-align-center\" data-align=\"center\">Chambre des jasmins<br>Chambres des fr\u00e8nes<\/td><td class=\"has-text-align-center\" data-align=\"center\">90 \u20ac<\/td><\/tr><\/tbody><\/table><\/figure>\n\n\n\n<p><em><span class=\"has-inline-color has-luminous-vivid-amber-color\"><em>Possibilit\u00e9 en suppl\u00e9ment d&rsquo;une chambre pour 1 ou 2 enfant(s): 50\u20ac par nuit<\/em><br><em>Petit d\u00e9jeuner inclus<\/em><\/span><\/em><\/p>\n\n\n\n<p><\/p>\n<\/div><\/div>\n\n\n\n<p style=\"font-size:30px\"><span style=\"color:#faac58\" class=\"has-inline-color\">Accueil en formule \u00ab\u00a0g\u00eete\u00a0\u00bb *<\/span><\/p>\n\n\n\n<figure class=\"wp-block-table aligncenter\"><table><tbody><tr><td class=\"has-text-align-center\" data-align=\"center\"><span style=\"color:#4169e1\" class=\"has-inline-color\">Saison<\/span><\/td><td class=\"has-text-align-center\" data-align=\"center\">S\u00e9jour de 1 jour \u00e0 1 semaine <\/td><\/tr><tr><td class=\"has-text-align-center\" data-align=\"center\">Haute saison<br><sub><span style=\"color:#4169e1\" class=\"has-inline-color\">28 juin au 15 septembre inclus<\/span><\/sub><\/td><td class=\"has-text-align-center\" data-align=\"center\">1800 \u20ac<\/td><\/tr><tr><td class=\"has-text-align-center\" data-align=\"center\">F\u00eates de fin d&rsquo;ann\u00e9es<br><sub><span style=\"color:#4169e1\" class=\"has-inline-color\">23 au 29 d\u00e9cembre inclus<\/span><\/sub><br><sub><span style=\"color:#4169e1\" class=\"has-inline-color\">30 d\u00e9cembre 2024 au 5 janvier 2025<\/span><\/sub><\/td><td class=\"has-text-align-center\" data-align=\"center\">1500 \u20ac<\/td><\/tr><tr><td class=\"has-text-align-center\" data-align=\"center\">Vacances scolaires<br><sub><span style=\"color:#4169e1\" class=\"has-inline-color\">Hors \u00e9t\u00e9 et No\u00ebl<\/span><\/sub><\/td><td class=\"has-text-align-center\" data-align=\"center\">1300 \u20ac<\/td><\/tr><\/tbody><\/table><figcaption>                                      <\/figcaption><\/figure>\n\n\n\n<p><\/p>\n\n\n\n<figure class=\"wp-block-table\"><table><tbody><tr><td class=\"has-text-align-center\" data-align=\"center\"><span style=\"color:#4169e1\" class=\"has-inline-color\">Saison<\/span><\/td><td class=\"has-text-align-center\" data-align=\"center\">S\u00e9jour de 1 \u00e0 2 nuits<\/td><td class=\"has-text-align-center\" data-align=\"center\">S\u00e9jour de 1 semaine<\/td><\/tr><tr><td class=\"has-text-align-center\" data-align=\"center\">Autres saisons<\/td><td class=\"has-text-align-center\" data-align=\"center\">650 \u20ac<\/td><td class=\"has-text-align-center\" data-align=\"center\">1300 \u20ac<\/td><\/tr><\/tbody><\/table><figcaption><em><span class=\"has-inline-color has-luminous-vivid-amber-color\">* jusqu&rsquo;\u00e0 13 personnes<\/span><\/em><\/figcaption><\/figure>\n\n\n\n<p><strong><em><span style=\"color:#4169e1\" class=\"has-inline-color\">Caution : 600 \u20ac<\/span><\/em><\/strong><\/p>\n\n\n\n<p>Lors de votre s\u00e9jour, l&rsquo;arriv\u00e9e se fera \u00e0 partir de 17h et les d\u00e9parts jusqu&rsquo;\u00e0 10h.<\/p>\n\n\n\n<hr class=\"wp-block-separator\"\/>\n\n\n\n<p style=\"font-size:30px\"><span style=\"color:#faac58\" class=\"has-inline-color\">Restauration<\/span><\/p>\n\n\n\n<p class=\"has-medium-font-size\">Possibilit\u00e9 de confection de repas par l&rsquo;h\u00f4te: 30\u20ac par personne<\/p>\n\n\n\n<hr class=\"wp-block-separator\"\/>\n\n\n\n<p style=\"font-size:30px\"><span style=\"color:#faac58\" class=\"has-inline-color\">R\u00e8glement<\/span><\/p>\n\n\n\n<ul><li>Esp\u00e8ces<\/li><li>Ch\u00e8ques<\/li><li>Virements<\/li><li>Paypal<\/li><\/ul>\n\n\n\n<p style=\"font-size:18px\">CB non accept\u00e9e<\/p>\n","protected":false},"excerpt":{"rendered":"<p>Accueil en formule \u00ab\u00a0chambres d&rsquo;h\u00f4tes\u00a0\u00bb Accueil en formule \u00ab\u00a0g\u00eete\u00a0\u00bb * Saison S\u00e9jour de 1 jour \u00e0 1 semaine Haute saison28 juin au 15 septembre inclus 1800 \u20ac F\u00eates de fin d&rsquo;ann\u00e9es23 au 29 d\u00e9cembre inclus30 d\u00e9cembre 2024 au 5 janvier 2025 1500 \u20ac Vacances scolairesHors \u00e9t\u00e9 et No\u00ebl 1300 \u20ac Saison S\u00e9jour de 1 \u00e0 &hellip; <\/p>\n<p class=\"link-more\"><a href=\"https:\/\/www.latricherie.fr\/index.php\/les-tarifs\/\" class=\"more-link\">Continuer la lecture<span class=\"screen-reader-text\"> de &laquo;&nbsp;Les tarifs&nbsp;&raquo;<\/span><\/a><\/p>\n","protected":false},"author":1,"featured_media":0,"parent":0,"menu_order":0,"comment_status":"closed","ping_status":"closed","template":"","meta":[],"_links":{"self":[{"href":"https:\/\/www.latricherie.fr\/index.php\/wp-json\/wp\/v2\/pages\/162"}],"collection":[{"href":"https:\/\/www.latricherie.fr\/index.php\/wp-json\/wp\/v2\/pages"}],"about":[{"href":"https:\/\/www.latricherie.fr\/index.php\/wp-json\/wp\/v2\/types\/page"}],"author":[{"embeddable":true,"href":"https:\/\/www.latricherie.fr\/index.php\/wp-json\/wp\/v2\/users\/1"}],"replies":[{"embeddable":true,"href":"https:\/\/www.latricherie.fr\/index.php\/wp-json\/wp\/v2\/comments?post=162"}],"version-history":[{"count":16,"href":"https:\/\/www.latricherie.fr\/index.php\/wp-json\/wp\/v2\/pages\/162\/revisions"}],"predecessor-version":[{"id":371,"href":"https:\/\/www.latricherie.fr\/index.php\/wp-json\/wp\/v2\/pages\/162\/revisions\/371"}],"wp:attachment":[{"href":"https:\/\/www.latricherie.fr\/index.php\/wp-json\/wp\/v2\/media?parent=162"}],"curies":[{"name":"wp","href":"https:\/\/api.w.org\/{rel}","templated":true}]}}