{"id":185,"date":"2021-02-01T20:10:24","date_gmt":"2021-02-01T19:10:24","guid":{"rendered":"http:\/\/www.latricherie.fr\/?page_id=185"},"modified":"2022-12-30T10:56:14","modified_gmt":"2022-12-30T09:56:14","slug":"accueil-des-familles","status":"publish","type":"page","link":"https:\/\/www.latricherie.fr\/index.php\/accueil-des-familles\/","title":{"rendered":"Accueil des familles"},"content":{"rendered":"\n<p style=\"font-size:30px\"><span style=\"color:#faac58\" class=\"has-inline-color\">Les enfants et les familles sont le bienvenus !<\/span><\/p>\n\n\n\n<p style=\"font-size:30px\"><span style=\"color:#faac58\" class=\"has-inline-color\">Divertissements<\/span><\/p>\n\n\n\n<div class=\"wp-block-columns\">\n<div class=\"wp-block-column\">\n<figure class=\"wp-block-image size-large\"><img loading=\"lazy\" width=\"886\" height=\"664\" src=\"http:\/\/www.latricherie.fr\/wp-content\/uploads\/2021\/02\/jeux01.jpg\" alt=\"\" class=\"wp-image-186\" srcset=\"https:\/\/www.latricherie.fr\/wp-content\/uploads\/2021\/02\/jeux01.jpg 886w, https:\/\/www.latricherie.fr\/wp-content\/uploads\/2021\/02\/jeux01-300x225.jpg 300w, https:\/\/www.latricherie.fr\/wp-content\/uploads\/2021\/02\/jeux01-768x576.jpg 768w\" sizes=\"(max-width: 767px) 89vw, (max-width: 1000px) 54vw, (max-width: 1071px) 543px, 580px\" \/><\/figure>\n<\/div>\n\n\n\n<div class=\"wp-block-column\">\n<ul><li>Livres<\/li><li>Coloriages<\/li><li>DVD, Dessins Anim\u00e9s<\/li><li>Jeux de Soci\u00e9t\u00e9s<\/li><\/ul>\n<\/div>\n\n\n\n<div class=\"wp-block-column\">\n<ul><li>Piscine<\/li><li>Table de ping-pong<\/li><li>P\u00e9tanque<\/li><li>Ballons<\/li><\/ul>\n<\/div>\n<\/div>\n\n\n\n<p style=\"font-size:30px\"><span style=\"color:#faac58\" class=\"has-inline-color\">Equipements mis \u00e0 disposition<\/span><\/p>\n\n\n\n<div class=\"wp-block-columns\">\n<div class=\"wp-block-column\">\n<ul><li>2 chaises hautes<\/li><li>1 lit parapluie<\/li><li>1 lit en 90 \u00e0 la demande avec matelas<\/li><\/ul>\n<\/div>\n\n\n\n<div class=\"wp-block-column\">\n<ul><li>1 chambre communicantes avec la suite parentale<\/li><li>micro-onde<\/li><li>Barri\u00e8re de protection<\/li><\/ul>\n<\/div>\n\n\n\n<div class=\"wp-block-column\">\n<figure class=\"wp-block-image size-large\"><img loading=\"lazy\" width=\"1024\" height=\"683\" src=\"http:\/\/www.latricherie.fr\/wp-content\/uploads\/2021\/01\/piscine-2-1024x683.jpg\" alt=\"\" class=\"wp-image-138\" srcset=\"https:\/\/www.latricherie.fr\/wp-content\/uploads\/2021\/01\/piscine-2-1024x683.jpg 1024w, https:\/\/www.latricherie.fr\/wp-content\/uploads\/2021\/01\/piscine-2-300x200.jpg 300w, https:\/\/www.latricherie.fr\/wp-content\/uploads\/2021\/01\/piscine-2-768x512.jpg 768w, https:\/\/www.latricherie.fr\/wp-content\/uploads\/2021\/01\/piscine-2-1536x1024.jpg 1536w, https:\/\/www.latricherie.fr\/wp-content\/uploads\/2021\/01\/piscine-2-2048x1365.jpg 2048w\" sizes=\"(max-width: 767px) 89vw, (max-width: 1000px) 54vw, (max-width: 1071px) 543px, 580px\" \/><\/figure>\n<\/div>\n<\/div>\n","protected":false},"excerpt":{"rendered":"<p>Les enfants et les familles sont le bienvenus ! Divertissements Livres Coloriages DVD, Dessins Anim\u00e9s Jeux de Soci\u00e9t\u00e9s Piscine Table de ping-pong P\u00e9tanque Ballons Equipements mis \u00e0 disposition 2 chaises hautes 1 lit parapluie 1 lit en 90 \u00e0 la demande avec matelas 1 chambre communicantes avec la suite parentale micro-onde Barri\u00e8re de protection<\/p>\n","protected":false},"author":1,"featured_media":0,"parent":0,"menu_order":0,"comment_status":"closed","ping_status":"closed","template":"","meta":[],"_links":{"self":[{"href":"https:\/\/www.latricherie.fr\/index.php\/wp-json\/wp\/v2\/pages\/185"}],"collection":[{"href":"https:\/\/www.latricherie.fr\/index.php\/wp-json\/wp\/v2\/pages"}],"about":[{"href":"https:\/\/www.latricherie.fr\/index.php\/wp-json\/wp\/v2\/types\/page"}],"author":[{"embeddable":true,"href":"https:\/\/www.latricherie.fr\/index.php\/wp-json\/wp\/v2\/users\/1"}],"replies":[{"embeddable":true,"href":"https:\/\/www.latricherie.fr\/index.php\/wp-json\/wp\/v2\/comments?post=185"}],"version-history":[{"count":2,"href":"https:\/\/www.latricherie.fr\/index.php\/wp-json\/wp\/v2\/pages\/185\/revisions"}],"predecessor-version":[{"id":324,"href":"https:\/\/www.latricherie.fr\/index.php\/wp-json\/wp\/v2\/pages\/185\/revisions\/324"}],"wp:attachment":[{"href":"https:\/\/www.latricherie.fr\/index.php\/wp-json\/wp\/v2\/media?parent=185"}],"curies":[{"name":"wp","href":"https:\/\/api.w.org\/{rel}","templated":true}]}}