{"id":4,"date":"2021-01-30T12:00:24","date_gmt":"2021-01-30T11:00:24","guid":{"rendered":"http:\/\/latricherie.fr\/?page_id=4"},"modified":"2024-02-28T08:47:04","modified_gmt":"2024-02-28T07:47:04","slug":"test","status":"publish","type":"page","link":"https:\/\/www.latricherie.fr\/","title":{"rendered":"La Tricherie &#8230;"},"content":{"rendered":"\n<p style=\"font-size:19px\">Demeure de charme au c\u0153ur de la Gascogne, datant du XVIII<sup>\u00e8me<\/sup> si\u00e8cle, La Tricherie situ\u00e9e sur la commune de Crastes, restaur\u00e9e et d\u00e9cor\u00e9e avec go\u00fbt et passion par ses propri\u00e9taires, est une b\u00e2tisse en pierres apparentes, aux dimensions atypiques pouvant accueillir jusqu&rsquo;\u00e0 13 personnes en plus de ses habitants.<\/p>\n\n\n\n<p style=\"font-size:19px\">L&rsquo;agencement des lieux permet aux personnes venant y s\u00e9journer, de b\u00e9n\u00e9ficier d&rsquo;espaces de vie spacieux, conviviaux et de qualit\u00e9 dans le cadre d&rsquo;un accueil en maison d&rsquo;h\u00f4tes.<\/p>\n\n\n\n<p style=\"font-size:19px\">Les propri\u00e9taires, tr\u00e8s accueillants et habitants une autre aile de la demeure, souhaitent que la tranquillit\u00e9 du lieu profite \u00e0 tous.<\/p>\n\n\n\n<p><span style=\"color:#dd2a2a\" class=\"has-inline-color\">NOUVEAU : La Tricherie vue du ciel c&rsquo;est <a href=\"http:\/\/www.latricherie.fr\/index.php\/la-tricherie-gallerie\/\">par ici<\/a><\/span><\/p>\n\n\n\n<div class=\"wp-block-image\"><figure class=\"aligncenter size-large is-resized\"><img loading=\"lazy\" src=\"http:\/\/www.latricherie.fr\/wp-content\/uploads\/2021\/01\/logo-gite-de-france-1024x497.jpg\" alt=\"\" class=\"wp-image-37\" width=\"213\" height=\"103\" srcset=\"https:\/\/www.latricherie.fr\/wp-content\/uploads\/2021\/01\/logo-gite-de-france-1024x497.jpg 1024w, https:\/\/www.latricherie.fr\/wp-content\/uploads\/2021\/01\/logo-gite-de-france-300x146.jpg 300w, https:\/\/www.latricherie.fr\/wp-content\/uploads\/2021\/01\/logo-gite-de-france-768x373.jpg 768w, https:\/\/www.latricherie.fr\/wp-content\/uploads\/2021\/01\/logo-gite-de-france-1536x746.jpg 1536w, https:\/\/www.latricherie.fr\/wp-content\/uploads\/2021\/01\/logo-gite-de-france-2048x995.jpg 2048w\" sizes=\"(max-width: 213px) 100vw, 213px\" \/><\/figure><\/div>\n\n\n\n<figure class=\"wp-block-image size-large\"><img loading=\"lazy\" width=\"1024\" height=\"180\" src=\"http:\/\/www.latricherie.fr\/wp-content\/uploads\/2021\/01\/un-lieu-1024x180.jpg\" alt=\"\" class=\"wp-image-36\" srcset=\"https:\/\/www.latricherie.fr\/wp-content\/uploads\/2021\/01\/un-lieu-1024x180.jpg 1024w, https:\/\/www.latricherie.fr\/wp-content\/uploads\/2021\/01\/un-lieu-300x53.jpg 300w, https:\/\/www.latricherie.fr\/wp-content\/uploads\/2021\/01\/un-lieu-768x135.jpg 768w, https:\/\/www.latricherie.fr\/wp-content\/uploads\/2021\/01\/un-lieu.jpg 1200w\" sizes=\"(max-width: 767px) 89vw, (max-width: 1000px) 54vw, (max-width: 1071px) 543px, 580px\" \/><figcaption><sup>Cr\u00e9dit photos : Jean-Fran\u00e7ois Krettly<\/sup><\/figcaption><\/figure>\n","protected":false},"excerpt":{"rendered":"<p>Demeure de charme au c\u0153ur de la Gascogne, datant du XVIII\u00e8me si\u00e8cle, La Tricherie situ\u00e9e sur la commune de Crastes, restaur\u00e9e et d\u00e9cor\u00e9e avec go\u00fbt et passion par ses propri\u00e9taires, est une b\u00e2tisse en pierres apparentes, aux dimensions atypiques pouvant accueillir jusqu&rsquo;\u00e0 13 personnes en plus de ses habitants. L&rsquo;agencement des lieux permet aux personnes &hellip; <\/p>\n<p class=\"link-more\"><a href=\"https:\/\/www.latricherie.fr\/\" class=\"more-link\">Continuer la lecture<span class=\"screen-reader-text\"> de &laquo;&nbsp;La Tricherie &#8230;&nbsp;&raquo;<\/span><\/a><\/p>\n","protected":false},"author":1,"featured_media":0,"parent":0,"menu_order":0,"comment_status":"closed","ping_status":"closed","template":"","meta":[],"_links":{"self":[{"href":"https:\/\/www.latricherie.fr\/index.php\/wp-json\/wp\/v2\/pages\/4"}],"collection":[{"href":"https:\/\/www.latricherie.fr\/index.php\/wp-json\/wp\/v2\/pages"}],"about":[{"href":"https:\/\/www.latricherie.fr\/index.php\/wp-json\/wp\/v2\/types\/page"}],"author":[{"embeddable":true,"href":"https:\/\/www.latricherie.fr\/index.php\/wp-json\/wp\/v2\/users\/1"}],"replies":[{"embeddable":true,"href":"https:\/\/www.latricherie.fr\/index.php\/wp-json\/wp\/v2\/comments?post=4"}],"version-history":[{"count":13,"href":"https:\/\/www.latricherie.fr\/index.php\/wp-json\/wp\/v2\/pages\/4\/revisions"}],"predecessor-version":[{"id":373,"href":"https:\/\/www.latricherie.fr\/index.php\/wp-json\/wp\/v2\/pages\/4\/revisions\/373"}],"wp:attachment":[{"href":"https:\/\/www.latricherie.fr\/index.php\/wp-json\/wp\/v2\/media?parent=4"}],"curies":[{"name":"wp","href":"https:\/\/api.w.org\/{rel}","templated":true}]}}